{"id":647,"date":"2025-09-16T14:51:16","date_gmt":"2025-09-16T12:51:16","guid":{"rendered":"https:\/\/elteco-group.sk\/?post_type=product&#038;p=647"},"modified":"2025-09-16T14:51:17","modified_gmt":"2025-09-16T12:51:17","slug":"centralizovany-system-napajania-cpss","status":"publish","type":"product","link":"https:\/\/elteco-group.sk\/en\/product\/centralizovany-system-napajania-cpss\/","title":{"rendered":"Central Power Supply System CPSS\nCPSS SINGLE-PHASE"},"content":{"rendered":"<p class=\"translation-block\">The most compactCentralPower Supply System  (CPSS),\nFully EN50171 compliant\n4000VA - 10000VA\nSingle-phase CPSS isdesigned to providethehighestdegree of protectionin thecriticalenvironments of allemergencysysteminstallations.\nPerfectfor:\nAlarm &amp;securitysystems\nEmergencylightingsystem\nFire alarm systems\nSmokedetectionsystems<\/p>","protected":false},"featured_media":648,"template":"","meta":{"_acf_changed":true},"class_list":["post-647","product","type-product","status-publish","has-post-thumbnail","hentry"],"acf":[],"yoast_head":"<!-- This site is optimized with the Yoast SEO plugin v26.3 - https:\/\/yoast.com\/wordpress\/plugins\/seo\/ -->\n<title>Centralizovan\u00fd syst\u00e9m nap\u00e1jania CPSS - Elteco Group<\/title>\n<meta name=\"robots\" content=\"index, follow, max-snippet:-1, max-image-preview:large, max-video-preview:-1\" \/>\n<link rel=\"canonical\" href=\"https:\/\/elteco-group.sk\/en\/product\/centralizovany-system-napajania-cpss\/\" \/>\n<meta property=\"og:locale\" content=\"en_US\" \/>\n<meta property=\"og:type\" content=\"article\" \/>\n<meta property=\"og:title\" content=\"Centralizovan\u00fd syst\u00e9m nap\u00e1jania CPSS - Elteco Group\" \/>\n<meta property=\"og:description\" content=\"Najkompaktnej\u0161\u00ed centralizovan\u00fd syst\u00e9m nap\u00e1jania (CPSS), v s\u00falade s normouEN50171,4000VA &#8211; 10000VAJednof\u00e1zov\u00fd CPSS je navrhnut\u00fd tak, aby poskytoval najvy\u0161\u0161\u00ed stupe\u0148 ochrany pre kritick\u00e9 prostredia vo v\u0161etk\u00fdch in\u0161tal\u00e1ci\u00e1ch n\u00fadzov\u00fdch syst\u00e9mov.Ide\u00e1lne pre:Popla\u0161n\u00e9 a bezpe\u010dnostn\u00e9 syst\u00e9mySyst\u00e9m n\u00fadzov\u00e9ho osvetleniaPo\u017eiarne poplachov\u00e9 syst\u00e9mySyst\u00e9my detekcie dymu\" \/>\n<meta property=\"og:url\" content=\"https:\/\/elteco-group.sk\/en\/product\/centralizovany-system-napajania-cpss\/\" \/>\n<meta property=\"og:site_name\" content=\"Elteco Group\" \/>\n<meta property=\"article:modified_time\" content=\"2025-09-16T12:51:17+00:00\" \/>\n<meta property=\"og:image\" content=\"https:\/\/elteco-group.sk\/wp-content\/uploads\/2025\/09\/cpss11.png\" \/>\n\t<meta property=\"og:image:width\" content=\"331\" \/>\n\t<meta property=\"og:image:height\" content=\"292\" \/>\n\t<meta property=\"og:image:type\" content=\"image\/png\" \/>\n<meta name=\"twitter:card\" content=\"summary_large_image\" \/>\n<meta name=\"twitter:label1\" content=\"Est. reading time\" \/>\n\t<meta name=\"twitter:data1\" content=\"1 minute\" \/>\n<script type=\"application\/ld+json\" class=\"yoast-schema-graph\">{\"@context\":\"https:\/\/schema.org\",\"@graph\":[{\"@type\":\"WebPage\",\"@id\":\"https:\/\/elteco-group.sk\/product\/centralizovany-system-napajania-cpss\/\",\"url\":\"https:\/\/elteco-group.sk\/product\/centralizovany-system-napajania-cpss\/\",\"name\":\"Centralizovan\u00fd syst\u00e9m nap\u00e1jania CPSS - Elteco Group\",\"isPartOf\":{\"@id\":\"https:\/\/elteco-group.sk\/#website\"},\"primaryImageOfPage\":{\"@id\":\"https:\/\/elteco-group.sk\/product\/centralizovany-system-napajania-cpss\/#primaryimage\"},\"image\":{\"@id\":\"https:\/\/elteco-group.sk\/product\/centralizovany-system-napajania-cpss\/#primaryimage\"},\"thumbnailUrl\":\"https:\/\/elteco-group.sk\/wp-content\/uploads\/2025\/09\/cpss11.png\",\"datePublished\":\"2025-09-16T12:51:16+00:00\",\"dateModified\":\"2025-09-16T12:51:17+00:00\",\"breadcrumb\":{\"@id\":\"https:\/\/elteco-group.sk\/product\/centralizovany-system-napajania-cpss\/#breadcrumb\"},\"inLanguage\":\"en-US\",\"potentialAction\":[{\"@type\":\"ReadAction\",\"target\":[\"https:\/\/elteco-group.sk\/product\/centralizovany-system-napajania-cpss\/\"]}]},{\"@type\":\"ImageObject\",\"inLanguage\":\"en-US\",\"@id\":\"https:\/\/elteco-group.sk\/product\/centralizovany-system-napajania-cpss\/#primaryimage\",\"url\":\"https:\/\/elteco-group.sk\/wp-content\/uploads\/2025\/09\/cpss11.png\",\"contentUrl\":\"https:\/\/elteco-group.sk\/wp-content\/uploads\/2025\/09\/cpss11.png\",\"width\":331,\"height\":292},{\"@type\":\"BreadcrumbList\",\"@id\":\"https:\/\/elteco-group.sk\/product\/centralizovany-system-napajania-cpss\/#breadcrumb\",\"itemListElement\":[{\"@type\":\"ListItem\",\"position\":1,\"name\":\"Domovsk\u00e1 str\u00e1nka\",\"item\":\"https:\/\/elteco-group.sk\/\"},{\"@type\":\"ListItem\",\"position\":2,\"name\":\"Centralizovan\u00fd syst\u00e9m nap\u00e1jania CPSS\"}]},{\"@type\":\"WebSite\",\"@id\":\"https:\/\/elteco-group.sk\/#website\",\"url\":\"https:\/\/elteco-group.sk\/\",\"name\":\"Elteco Group\",\"description\":\"\",\"potentialAction\":[{\"@type\":\"SearchAction\",\"target\":{\"@type\":\"EntryPoint\",\"urlTemplate\":\"https:\/\/elteco-group.sk\/?s={search_term_string}\"},\"query-input\":{\"@type\":\"PropertyValueSpecification\",\"valueRequired\":true,\"valueName\":\"search_term_string\"}}],\"inLanguage\":\"en-US\"}]}<\/script>\n<!-- \/ Yoast SEO plugin. -->","yoast_head_json":{"title":"Centralizovan\u00fd syst\u00e9m nap\u00e1jania CPSS - Elteco Group","robots":{"index":"index","follow":"follow","max-snippet":"max-snippet:-1","max-image-preview":"max-image-preview:large","max-video-preview":"max-video-preview:-1"},"canonical":"https:\/\/elteco-group.sk\/en\/product\/centralizovany-system-napajania-cpss\/","og_locale":"en_US","og_type":"article","og_title":"Centralizovan\u00fd syst\u00e9m nap\u00e1jania CPSS - Elteco Group","og_description":"Najkompaktnej\u0161\u00ed centralizovan\u00fd syst\u00e9m nap\u00e1jania (CPSS), v s\u00falade s normouEN50171,4000VA &#8211; 10000VAJednof\u00e1zov\u00fd CPSS je navrhnut\u00fd tak, aby poskytoval najvy\u0161\u0161\u00ed stupe\u0148 ochrany pre kritick\u00e9 prostredia vo v\u0161etk\u00fdch in\u0161tal\u00e1ci\u00e1ch n\u00fadzov\u00fdch syst\u00e9mov.Ide\u00e1lne pre:Popla\u0161n\u00e9 a bezpe\u010dnostn\u00e9 syst\u00e9mySyst\u00e9m n\u00fadzov\u00e9ho osvetleniaPo\u017eiarne poplachov\u00e9 syst\u00e9mySyst\u00e9my detekcie dymu","og_url":"https:\/\/elteco-group.sk\/en\/product\/centralizovany-system-napajania-cpss\/","og_site_name":"Elteco Group","article_modified_time":"2025-09-16T12:51:17+00:00","og_image":[{"width":331,"height":292,"url":"https:\/\/elteco-group.sk\/wp-content\/uploads\/2025\/09\/cpss11.png","type":"image\/png"}],"twitter_card":"summary_large_image","twitter_misc":{"Est. reading time":"1 minute"},"schema":{"@context":"https:\/\/schema.org","@graph":[{"@type":"WebPage","@id":"https:\/\/elteco-group.sk\/product\/centralizovany-system-napajania-cpss\/","url":"https:\/\/elteco-group.sk\/product\/centralizovany-system-napajania-cpss\/","name":"Centralizovan\u00fd syst\u00e9m nap\u00e1jania CPSS - Elteco Group","isPartOf":{"@id":"https:\/\/elteco-group.sk\/#website"},"primaryImageOfPage":{"@id":"https:\/\/elteco-group.sk\/product\/centralizovany-system-napajania-cpss\/#primaryimage"},"image":{"@id":"https:\/\/elteco-group.sk\/product\/centralizovany-system-napajania-cpss\/#primaryimage"},"thumbnailUrl":"https:\/\/elteco-group.sk\/wp-content\/uploads\/2025\/09\/cpss11.png","datePublished":"2025-09-16T12:51:16+00:00","dateModified":"2025-09-16T12:51:17+00:00","breadcrumb":{"@id":"https:\/\/elteco-group.sk\/product\/centralizovany-system-napajania-cpss\/#breadcrumb"},"inLanguage":"en-US","potentialAction":[{"@type":"ReadAction","target":["https:\/\/elteco-group.sk\/product\/centralizovany-system-napajania-cpss\/"]}]},{"@type":"ImageObject","inLanguage":"en-US","@id":"https:\/\/elteco-group.sk\/product\/centralizovany-system-napajania-cpss\/#primaryimage","url":"https:\/\/elteco-group.sk\/wp-content\/uploads\/2025\/09\/cpss11.png","contentUrl":"https:\/\/elteco-group.sk\/wp-content\/uploads\/2025\/09\/cpss11.png","width":331,"height":292},{"@type":"BreadcrumbList","@id":"https:\/\/elteco-group.sk\/product\/centralizovany-system-napajania-cpss\/#breadcrumb","itemListElement":[{"@type":"ListItem","position":1,"name":"Domovsk\u00e1 str\u00e1nka","item":"https:\/\/elteco-group.sk\/"},{"@type":"ListItem","position":2,"name":"Centralizovan\u00fd syst\u00e9m nap\u00e1jania CPSS"}]},{"@type":"WebSite","@id":"https:\/\/elteco-group.sk\/#website","url":"https:\/\/elteco-group.sk\/","name":"Elteco Group","description":"","potentialAction":[{"@type":"SearchAction","target":{"@type":"EntryPoint","urlTemplate":"https:\/\/elteco-group.sk\/?s={search_term_string}"},"query-input":{"@type":"PropertyValueSpecification","valueRequired":true,"valueName":"search_term_string"}}],"inLanguage":"en-US"}]}},"_links":{"self":[{"href":"https:\/\/elteco-group.sk\/en\/wp-json\/wp\/v2\/product\/647","targetHints":{"allow":["GET"]}}],"collection":[{"href":"https:\/\/elteco-group.sk\/en\/wp-json\/wp\/v2\/product"}],"about":[{"href":"https:\/\/elteco-group.sk\/en\/wp-json\/wp\/v2\/types\/product"}],"wp:featuredmedia":[{"embeddable":true,"href":"https:\/\/elteco-group.sk\/en\/wp-json\/wp\/v2\/media\/648"}],"wp:attachment":[{"href":"https:\/\/elteco-group.sk\/en\/wp-json\/wp\/v2\/media?parent=647"}],"curies":[{"name":"wp","href":"https:\/\/api.w.org\/{rel}","templated":true}]}}