{"id":75,"date":"2025-05-01T12:55:37","date_gmt":"2025-05-01T10:55:37","guid":{"rendered":"https:\/\/elteco-group.sk\/?post_type=product&#038;p=75"},"modified":"2025-06-02T15:23:44","modified_gmt":"2025-06-02T13:23:44","slug":"stabilizatory-napatia","status":"publish","type":"product","link":"https:\/\/elteco-group.sk\/en\/product\/stabilizatory-napatia\/","title":{"rendered":"Line-Interactive UPS systems"},"content":{"rendered":"<p>They are designed for continuous power supply of cash registers, computers... They switch to Backup mode automatically when the input power fails. These systems protect devices from power outages, overvoltage or voltage drops. They are characterized by a lower price. We offer these systems with power ratings from 650 VA up to 2,200 VA.<\/p>","protected":false},"featured_media":440,"template":"","meta":{"_acf_changed":true},"class_list":["post-75","product","type-product","status-publish","has-post-thumbnail","hentry"],"acf":[],"yoast_head":"<!-- This site is optimized with the Yoast SEO plugin v26.3 - https:\/\/yoast.com\/wordpress\/plugins\/seo\/ -->\n<title>UPS syst\u00e9my line-interactive - Elteco Group<\/title>\n<meta name=\"robots\" content=\"index, follow, max-snippet:-1, max-image-preview:large, max-video-preview:-1\" \/>\n<link rel=\"canonical\" href=\"https:\/\/elteco-group.sk\/en\/product\/stabilizatory-napatia\/\" \/>\n<meta property=\"og:locale\" content=\"en_US\" \/>\n<meta property=\"og:type\" content=\"article\" \/>\n<meta property=\"og:title\" content=\"UPS syst\u00e9my line-interactive - Elteco Group\" \/>\n<meta property=\"og:description\" content=\"S\u00fa vhodn\u00e9 najm\u00e4 pre nepretr\u017eit\u00e9 nap\u00e1janie registra\u010dn\u00fdch pokladn\u00ed, po\u010d\u00edta\u010dov&#8230; Do z\u00e1lohovacieho re\u017eimu sa prep\u00ednaj\u00fa automaticky pri v\u00fdpadku vstupn\u00e9ho nap\u00e1jania. Tieto syst\u00e9my ochra\u0148uj\u00fa zariadenia pred v\u00fdpadkom nap\u00e4tia, prep\u00e4t\u00edm alebo pri poklese nap\u00e4tia. Vyzna\u010duj\u00fa sa ni\u017e\u0161ou cenou. Pon\u00fakame ich s\u00a0v\u00fdkonom od 650 VA do 2 200 VA.\" \/>\n<meta property=\"og:url\" content=\"https:\/\/elteco-group.sk\/en\/product\/stabilizatory-napatia\/\" \/>\n<meta property=\"og:site_name\" content=\"Elteco Group\" \/>\n<meta property=\"article:modified_time\" content=\"2025-06-02T13:23:44+00:00\" \/>\n<meta property=\"og:image\" content=\"https:\/\/elteco-group.sk\/wp-content\/uploads\/2025\/05\/inter.png\" \/>\n\t<meta property=\"og:image:width\" content=\"331\" \/>\n\t<meta property=\"og:image:height\" content=\"292\" \/>\n\t<meta property=\"og:image:type\" content=\"image\/png\" \/>\n<meta name=\"twitter:card\" content=\"summary_large_image\" \/>\n<meta name=\"twitter:label1\" content=\"Est. reading time\" \/>\n\t<meta name=\"twitter:data1\" content=\"1 minute\" \/>\n<script type=\"application\/ld+json\" class=\"yoast-schema-graph\">{\"@context\":\"https:\/\/schema.org\",\"@graph\":[{\"@type\":\"WebPage\",\"@id\":\"https:\/\/elteco-group.sk\/product\/stabilizatory-napatia\/\",\"url\":\"https:\/\/elteco-group.sk\/product\/stabilizatory-napatia\/\",\"name\":\"UPS syst\u00e9my line-interactive - Elteco Group\",\"isPartOf\":{\"@id\":\"https:\/\/elteco-group.sk\/#website\"},\"primaryImageOfPage\":{\"@id\":\"https:\/\/elteco-group.sk\/product\/stabilizatory-napatia\/#primaryimage\"},\"image\":{\"@id\":\"https:\/\/elteco-group.sk\/product\/stabilizatory-napatia\/#primaryimage\"},\"thumbnailUrl\":\"https:\/\/elteco-group.sk\/wp-content\/uploads\/2025\/05\/inter.png\",\"datePublished\":\"2025-05-01T10:55:37+00:00\",\"dateModified\":\"2025-06-02T13:23:44+00:00\",\"breadcrumb\":{\"@id\":\"https:\/\/elteco-group.sk\/product\/stabilizatory-napatia\/#breadcrumb\"},\"inLanguage\":\"en-US\",\"potentialAction\":[{\"@type\":\"ReadAction\",\"target\":[\"https:\/\/elteco-group.sk\/product\/stabilizatory-napatia\/\"]}]},{\"@type\":\"ImageObject\",\"inLanguage\":\"en-US\",\"@id\":\"https:\/\/elteco-group.sk\/product\/stabilizatory-napatia\/#primaryimage\",\"url\":\"https:\/\/elteco-group.sk\/wp-content\/uploads\/2025\/05\/inter.png\",\"contentUrl\":\"https:\/\/elteco-group.sk\/wp-content\/uploads\/2025\/05\/inter.png\",\"width\":331,\"height\":292},{\"@type\":\"BreadcrumbList\",\"@id\":\"https:\/\/elteco-group.sk\/product\/stabilizatory-napatia\/#breadcrumb\",\"itemListElement\":[{\"@type\":\"ListItem\",\"position\":1,\"name\":\"Domovsk\u00e1 str\u00e1nka\",\"item\":\"https:\/\/elteco-group.sk\/\"},{\"@type\":\"ListItem\",\"position\":2,\"name\":\"UPS syst\u00e9my line-interactive\"}]},{\"@type\":\"WebSite\",\"@id\":\"https:\/\/elteco-group.sk\/#website\",\"url\":\"https:\/\/elteco-group.sk\/\",\"name\":\"Elteco Group\",\"description\":\"\",\"potentialAction\":[{\"@type\":\"SearchAction\",\"target\":{\"@type\":\"EntryPoint\",\"urlTemplate\":\"https:\/\/elteco-group.sk\/?s={search_term_string}\"},\"query-input\":{\"@type\":\"PropertyValueSpecification\",\"valueRequired\":true,\"valueName\":\"search_term_string\"}}],\"inLanguage\":\"en-US\"}]}<\/script>\n<!-- \/ Yoast SEO plugin. -->","yoast_head_json":{"title":"UPS syst\u00e9my line-interactive - Elteco Group","robots":{"index":"index","follow":"follow","max-snippet":"max-snippet:-1","max-image-preview":"max-image-preview:large","max-video-preview":"max-video-preview:-1"},"canonical":"https:\/\/elteco-group.sk\/en\/product\/stabilizatory-napatia\/","og_locale":"en_US","og_type":"article","og_title":"UPS syst\u00e9my line-interactive - Elteco Group","og_description":"S\u00fa vhodn\u00e9 najm\u00e4 pre nepretr\u017eit\u00e9 nap\u00e1janie registra\u010dn\u00fdch pokladn\u00ed, po\u010d\u00edta\u010dov&#8230; Do z\u00e1lohovacieho re\u017eimu sa prep\u00ednaj\u00fa automaticky pri v\u00fdpadku vstupn\u00e9ho nap\u00e1jania. Tieto syst\u00e9my ochra\u0148uj\u00fa zariadenia pred v\u00fdpadkom nap\u00e4tia, prep\u00e4t\u00edm alebo pri poklese nap\u00e4tia. Vyzna\u010duj\u00fa sa ni\u017e\u0161ou cenou. Pon\u00fakame ich s\u00a0v\u00fdkonom od 650 VA do 2 200 VA.","og_url":"https:\/\/elteco-group.sk\/en\/product\/stabilizatory-napatia\/","og_site_name":"Elteco Group","article_modified_time":"2025-06-02T13:23:44+00:00","og_image":[{"width":331,"height":292,"url":"https:\/\/elteco-group.sk\/wp-content\/uploads\/2025\/05\/inter.png","type":"image\/png"}],"twitter_card":"summary_large_image","twitter_misc":{"Est. reading time":"1 minute"},"schema":{"@context":"https:\/\/schema.org","@graph":[{"@type":"WebPage","@id":"https:\/\/elteco-group.sk\/product\/stabilizatory-napatia\/","url":"https:\/\/elteco-group.sk\/product\/stabilizatory-napatia\/","name":"UPS syst\u00e9my line-interactive - Elteco Group","isPartOf":{"@id":"https:\/\/elteco-group.sk\/#website"},"primaryImageOfPage":{"@id":"https:\/\/elteco-group.sk\/product\/stabilizatory-napatia\/#primaryimage"},"image":{"@id":"https:\/\/elteco-group.sk\/product\/stabilizatory-napatia\/#primaryimage"},"thumbnailUrl":"https:\/\/elteco-group.sk\/wp-content\/uploads\/2025\/05\/inter.png","datePublished":"2025-05-01T10:55:37+00:00","dateModified":"2025-06-02T13:23:44+00:00","breadcrumb":{"@id":"https:\/\/elteco-group.sk\/product\/stabilizatory-napatia\/#breadcrumb"},"inLanguage":"en-US","potentialAction":[{"@type":"ReadAction","target":["https:\/\/elteco-group.sk\/product\/stabilizatory-napatia\/"]}]},{"@type":"ImageObject","inLanguage":"en-US","@id":"https:\/\/elteco-group.sk\/product\/stabilizatory-napatia\/#primaryimage","url":"https:\/\/elteco-group.sk\/wp-content\/uploads\/2025\/05\/inter.png","contentUrl":"https:\/\/elteco-group.sk\/wp-content\/uploads\/2025\/05\/inter.png","width":331,"height":292},{"@type":"BreadcrumbList","@id":"https:\/\/elteco-group.sk\/product\/stabilizatory-napatia\/#breadcrumb","itemListElement":[{"@type":"ListItem","position":1,"name":"Domovsk\u00e1 str\u00e1nka","item":"https:\/\/elteco-group.sk\/"},{"@type":"ListItem","position":2,"name":"UPS syst\u00e9my line-interactive"}]},{"@type":"WebSite","@id":"https:\/\/elteco-group.sk\/#website","url":"https:\/\/elteco-group.sk\/","name":"Elteco Group","description":"","potentialAction":[{"@type":"SearchAction","target":{"@type":"EntryPoint","urlTemplate":"https:\/\/elteco-group.sk\/?s={search_term_string}"},"query-input":{"@type":"PropertyValueSpecification","valueRequired":true,"valueName":"search_term_string"}}],"inLanguage":"en-US"}]}},"_links":{"self":[{"href":"https:\/\/elteco-group.sk\/en\/wp-json\/wp\/v2\/product\/75","targetHints":{"allow":["GET"]}}],"collection":[{"href":"https:\/\/elteco-group.sk\/en\/wp-json\/wp\/v2\/product"}],"about":[{"href":"https:\/\/elteco-group.sk\/en\/wp-json\/wp\/v2\/types\/product"}],"wp:featuredmedia":[{"embeddable":true,"href":"https:\/\/elteco-group.sk\/en\/wp-json\/wp\/v2\/media\/440"}],"wp:attachment":[{"href":"https:\/\/elteco-group.sk\/en\/wp-json\/wp\/v2\/media?parent=75"}],"curies":[{"name":"wp","href":"https:\/\/api.w.org\/{rel}","templated":true}]}}